{"id":1239,"date":"2026-04-08T05:48:51","date_gmt":"2026-04-08T03:48:51","guid":{"rendered":"http:\/\/31.217.193.162\/~taivofi\/?page_id=1239"},"modified":"2026-04-08T05:52:29","modified_gmt":"2026-04-08T03:52:29","slug":"avaruustieto","status":"publish","type":"page","link":"http:\/\/31.217.193.162\/~taivofi\/avaruustieto\/","title":{"rendered":"Avaruustiedon vihkonen opettajille"},"content":{"rendered":"\n<p>Osana Kulttuurirahaston apurahalla tehty\u00e4 koulukiertuetta koostimme my\u00f6s opettajille suunnattua opetusmateriaalia.<\/p>\n\n\n\n<p>T\u00e4m\u00e4 materiaali on ladattavissa t\u00e4st\u00e4 ja k\u00e4ytett\u00e4viss\u00e4 Creative Commons -lisenssill\u00e4 (CC by 4.0).<\/p>\n\n\n\n<ul class=\"wp-block-list\">\n<li><a href=\"http:\/\/31.217.193.162\/~taivofi\/wp-content\/uploads\/2026\/04\/Avaruustieto_A4_net.pdf\">Avaruustiedon vihkonen suomeksi<\/a><\/li>\n\n\n\n<li><a href=\"http:\/\/31.217.193.162\/~taivofi\/wp-content\/uploads\/2026\/04\/Avaruustieto_A4_Saami_net.pdf\">Avaruustiedon vihkonen pohjoissaameksi<\/a><\/li>\n<\/ul>\n\n\n\n<p>Kaikenlaiset kommentit ja kysymykset otetaan ilomielin vastaan.<\/p>\n\n\n\n<p><\/p>\n","protected":false},"excerpt":{"rendered":"<p>Osana Kulttuurirahaston apurahalla tehty\u00e4 koulukiertuetta koostimme my\u00f6s opettajille suunnattua opetusmateriaalia. T\u00e4m\u00e4 materiaali on ladattavissa t\u00e4st\u00e4 ja k\u00e4ytett\u00e4viss\u00e4 Creative Commons -lisenssill\u00e4 (CC by 4.0). Kaikenlaiset kommentit ja kysymykset otetaan ilomielin vastaan.<\/p>\n","protected":false},"author":1,"featured_media":0,"parent":0,"menu_order":0,"comment_status":"closed","ping_status":"closed","template":"","meta":{"footnotes":""},"class_list":["post-1239","page","type-page","status-publish","czr-hentry"],"_links":{"self":[{"href":"http:\/\/31.217.193.162\/~taivofi\/wp-json\/wp\/v2\/pages\/1239","targetHints":{"allow":["GET"]}}],"collection":[{"href":"http:\/\/31.217.193.162\/~taivofi\/wp-json\/wp\/v2\/pages"}],"about":[{"href":"http:\/\/31.217.193.162\/~taivofi\/wp-json\/wp\/v2\/types\/page"}],"author":[{"embeddable":true,"href":"http:\/\/31.217.193.162\/~taivofi\/wp-json\/wp\/v2\/users\/1"}],"replies":[{"embeddable":true,"href":"http:\/\/31.217.193.162\/~taivofi\/wp-json\/wp\/v2\/comments?post=1239"}],"version-history":[{"count":3,"href":"http:\/\/31.217.193.162\/~taivofi\/wp-json\/wp\/v2\/pages\/1239\/revisions"}],"predecessor-version":[{"id":1244,"href":"http:\/\/31.217.193.162\/~taivofi\/wp-json\/wp\/v2\/pages\/1239\/revisions\/1244"}],"wp:attachment":[{"href":"http:\/\/31.217.193.162\/~taivofi\/wp-json\/wp\/v2\/media?parent=1239"}],"curies":[{"name":"wp","href":"https:\/\/api.w.org\/{rel}","templated":true}]}}