{"id":155,"date":"2020-12-28T10:03:11","date_gmt":"2020-12-28T10:03:11","guid":{"rendered":"http:\/\/31.217.193.162\/~taivofi\/?page_id=155"},"modified":"2026-05-11T14:08:51","modified_gmt":"2026-05-11T12:08:51","slug":"ota-yhteytta","status":"publish","type":"page","link":"http:\/\/31.217.193.162\/~taivofi\/fi\/ota-yhteytta\/","title":{"rendered":"Ota yhteytt\u00e4"},"content":{"rendered":"\n<p class=\"has-medium-font-size\">Taivo Productions Oy &#8211; Taivo Planetarium &#8211; Taivo Astro Tours<\/p>\n\n\n\n<p class=\"has-medium-font-size\">Meid\u00e4t tavoittaa numerosta:<\/p>\n\n\n\n<p class=\"has-medium-font-size\">+358 447 445 431 (my\u00f6s WhatsApp)<\/p>\n\n\n\n<p class=\"has-medium-font-size\">Voit l\u00e4hett\u00e4\u00e4 meille s\u00e4hk\u00f6postia osoitteeseen:<\/p>\n\n\n\n<div class=\"wp-block-columns alignwide is-layout-flex wp-container-core-columns-is-layout-9d6595d7 wp-block-columns-is-layout-flex\">\n<div class=\"wp-block-column is-layout-flow wp-block-column-is-layout-flow\" style=\"flex-basis:50%\"><div class=\"wp-block-image is-resized\">\n<figure class=\"aligncenter size-full\"><img loading=\"lazy\" decoding=\"async\" width=\"178\" height=\"37\" src=\"http:\/\/31.217.193.162\/~taivofi\/wp-content\/uploads\/2026\/05\/taivo.jpg\" alt=\"\" class=\"wp-image-1373\"\/><\/figure>\n<\/div><\/div>\n<\/div>\n\n\n\n<p style=\"font-size:22px\">Kaikenlaiset tiedustelut, yhteisty\u00f6ehdotukset ja palautteet ovat tervetulleita.<\/p>\n\n\n\n<p><\/p>\n\n\n\n<p>L\u00f6yd\u00e4t meid\u00e4t my\u00f6s t\u00e4\u00e4lt\u00e4:<\/p>\n\n\n\n<p>Facebook &#8211; <a href=\"https:\/\/www.facebook.com\/taivofi\">https:\/\/www.facebook.com\/taivofi<\/a><\/p>\n\n\n\n<p>Instagram &#8211; <a href=\"https:\/\/www.instagram.com\/taivofi\/\">https:\/\/www.instagram.com\/taivofi<\/a><\/p>\n\n\n\n<p>Tripadvisor &#8211; <a href=\"https:\/\/www.tripadvisor.com\/Attraction_Review-g189918-d26802980-Reviews-Taivo_Planetarium_Astro_Tours-Ivalo_Lapland.html\">https:\/\/www.tripadvisor.com\/Attraction_Review-g189918-d26802980-Reviews-Taivo_Planetarium_Astro_Tours-Ivalo_Lapland.html<\/a><\/p>\n","protected":false},"excerpt":{"rendered":"<p>Taivo Productions Oy &#8211; Taivo Planetarium &#8211; Taivo Astro Tours Meid\u00e4t tavoittaa numerosta: +358 447 445 431 (my\u00f6s WhatsApp) Voit l\u00e4hett\u00e4\u00e4 meille s\u00e4hk\u00f6postia osoitteeseen: Kaikenlaiset tiedustelut, yhteisty\u00f6ehdotukset ja palautteet ovat tervetulleita. L\u00f6yd\u00e4t meid\u00e4t my\u00f6s t\u00e4\u00e4lt\u00e4: Facebook &#8211; https:\/\/www.facebook.com\/taivofi Instagram &#8211; https:\/\/www.instagram.com\/taivofi Tripadvisor &#8211; https:\/\/www.tripadvisor.com\/Attraction_Review-g189918-d26802980-Reviews-Taivo_Planetarium_Astro_Tours-Ivalo_Lapland.html<\/p>\n","protected":false},"author":1,"featured_media":0,"parent":0,"menu_order":0,"comment_status":"closed","ping_status":"closed","template":"","meta":{"footnotes":""},"class_list":["post-155","page","type-page","status-publish","czr-hentry"],"_links":{"self":[{"href":"http:\/\/31.217.193.162\/~taivofi\/wp-json\/wp\/v2\/pages\/155","targetHints":{"allow":["GET"]}}],"collection":[{"href":"http:\/\/31.217.193.162\/~taivofi\/wp-json\/wp\/v2\/pages"}],"about":[{"href":"http:\/\/31.217.193.162\/~taivofi\/wp-json\/wp\/v2\/types\/page"}],"author":[{"embeddable":true,"href":"http:\/\/31.217.193.162\/~taivofi\/wp-json\/wp\/v2\/users\/1"}],"replies":[{"embeddable":true,"href":"http:\/\/31.217.193.162\/~taivofi\/wp-json\/wp\/v2\/comments?post=155"}],"version-history":[{"count":23,"href":"http:\/\/31.217.193.162\/~taivofi\/wp-json\/wp\/v2\/pages\/155\/revisions"}],"predecessor-version":[{"id":1418,"href":"http:\/\/31.217.193.162\/~taivofi\/wp-json\/wp\/v2\/pages\/155\/revisions\/1418"}],"wp:attachment":[{"href":"http:\/\/31.217.193.162\/~taivofi\/wp-json\/wp\/v2\/media?parent=155"}],"curies":[{"name":"wp","href":"https:\/\/api.w.org\/{rel}","templated":true}]}}