{"id":216,"date":"2021-05-13T13:09:51","date_gmt":"2021-05-13T11:09:51","guid":{"rendered":"http:\/\/31.217.193.162\/~taivofi\/?page_id=216"},"modified":"2026-05-11T14:02:32","modified_gmt":"2026-05-11T12:02:32","slug":"planetaario","status":"publish","type":"page","link":"http:\/\/31.217.193.162\/~taivofi\/fi\/planetaario\/","title":{"rendered":"Planetaario"},"content":{"rendered":"\n<div class=\"wp-block-columns is-layout-flex wp-container-core-columns-is-layout-9d6595d7 wp-block-columns-is-layout-flex\">\n<div class=\"wp-block-column is-layout-flow wp-block-column-is-layout-flow\">\n<figure class=\"wp-block-image size-large\"><img loading=\"lazy\" decoding=\"async\" width=\"1024\" height=\"716\" src=\"http:\/\/31.217.193.162\/~taivofi\/wp-content\/uploads\/2026\/05\/planet_bokun-1-scaled-1024x716.jpg\" alt=\"\" class=\"wp-image-1353\" srcset=\"http:\/\/31.217.193.162\/~taivofi\/wp-content\/uploads\/2026\/05\/planet_bokun-1-scaled-1024x716.jpg 1024w, http:\/\/31.217.193.162\/~taivofi\/wp-content\/uploads\/2026\/05\/planet_bokun-1-scaled-300x210.jpg 300w, http:\/\/31.217.193.162\/~taivofi\/wp-content\/uploads\/2026\/05\/planet_bokun-1-scaled-768x537.jpg 768w, http:\/\/31.217.193.162\/~taivofi\/wp-content\/uploads\/2026\/05\/planet_bokun-1-scaled-1536x1073.jpg 1536w, http:\/\/31.217.193.162\/~taivofi\/wp-content\/uploads\/2026\/05\/planet_bokun-1-scaled-2048x1431.jpg 2048w\" sizes=\"auto, (max-width: 1024px) 100vw, 1024px\" \/><\/figure>\n<\/div>\n<\/div>\n\n\n\n<h2 class=\"wp-block-heading has-medium-font-size\"><strong> Mik\u00e4 on siirrett\u00e4v\u00e4 planetaario?<\/strong><\/h2>\n\n\n\n<ul class=\"wp-block-list\">\n<li>Kuvulle heijastettava t\u00e4htitaivas, joka sopii erityisesti t\u00e4htikuvioiden, erilaisten kohteiden sek\u00e4 taivaan liikkeiden esitt\u00e4miseen.<\/li>\n\n\n\n<li>K\u00e4yt\u00f6ss\u00e4mme on 3 metrin l\u00e4pimittaisella kuvulla varustettu planetaario, jonka alle mahtuu maksimissaan 15 aikuista tuoleilla tai 25 lasta penkeill\u00e4.<\/li>\n\n\n\n<li>Planetaariomme tarvitsee t\u00e4ysin pimennett\u00e4v\u00e4n tilan, joka on v\u00e4hint\u00e4\u00e4n 2,4 metri\u00e4 korkea.<\/li>\n<\/ul>\n\n\n\n<p class=\"has-medium-font-size\"><strong>Planetaarion\u00e4yt\u00f6kset<\/strong><\/p>\n\n\n\n<p>Y\u00f6taivas tarjoaa monenlaisia kohteita ja planetaario mahdollistaa niihin tutustumisen mukavammin ja rauhallisemmin kuin ulkosalla on mahdollista. Sen vuoksi planetaarion\u00e4yt\u00f6s sopii erityisesti pohjustukseksi ennen ulos havainnoimaan siirtymist\u00e4.<\/p>\n\n\n\n<p>Planetaario mahdollistaa helpon tavan oppia t\u00e4hdist\u00f6ist\u00e4, taivaan liikkeist\u00e4 sek\u00e4 siit\u00e4, miten t\u00e4htitaivas eroaa n\u00e4htyn\u00e4 eri paikoista maailmassa.<\/p>\n\n\n\n<p>T\u00e4htitaivaan kiinnostavimpien kohteiden l\u00f6yt\u00e4minen ja niist\u00e4 oppiminen valmentaa niiden havainnointiin my\u00f6hemmin y\u00f6taivaan alla.<\/p>\n\n\n<div class=\"wp-block-image\">\n<figure class=\"aligncenter size-large is-resized\"><img loading=\"lazy\" decoding=\"async\" width=\"1024\" height=\"749\" src=\"http:\/\/31.217.193.162\/~taivofi\/wp-content\/uploads\/2026\/05\/taivo_planetarium2-1-1024x749.jpg\" alt=\"\" class=\"wp-image-1374\" style=\"width:793px;height:auto\" srcset=\"http:\/\/31.217.193.162\/~taivofi\/wp-content\/uploads\/2026\/05\/taivo_planetarium2-1-1024x749.jpg 1024w, http:\/\/31.217.193.162\/~taivofi\/wp-content\/uploads\/2026\/05\/taivo_planetarium2-1-300x220.jpg 300w, http:\/\/31.217.193.162\/~taivofi\/wp-content\/uploads\/2026\/05\/taivo_planetarium2-1-768x562.jpg 768w, http:\/\/31.217.193.162\/~taivofi\/wp-content\/uploads\/2026\/05\/taivo_planetarium2-1-1536x1124.jpg 1536w, http:\/\/31.217.193.162\/~taivofi\/wp-content\/uploads\/2026\/05\/taivo_planetarium2-1.jpg 1600w\" sizes=\"auto, (max-width: 1024px) 100vw, 1024px\" \/><\/figure>\n<\/div>\n\n\n<p class=\"has-medium-font-size\">Virtuaalimatkalla maailmankaikkeuteen yleis\u00f6 p\u00e4\u00e4see ihailemaan maisemia eri puolilta aurinkokuntaa ja n\u00e4kem\u00e4\u00e4n kaukaisempia kohteita l\u00e4helt\u00e4 sek\u00e4 tutustumaan eksoplaneettojen ominaisuuksiin nykytieteen valossa. Virtuaalimatkan kohteita saa my\u00f6s yleis\u00f6 toivoa.<\/p>\n\n\n<div class=\"wp-block-image\">\n<figure class=\"aligncenter size-large is-resized\"><img loading=\"lazy\" decoding=\"async\" width=\"1024\" height=\"657\" src=\"http:\/\/31.217.193.162\/~taivofi\/wp-content\/uploads\/2026\/05\/taivo_virtualtour2-1-1024x657.jpg\" alt=\"\" class=\"wp-image-1375\" style=\"width:788px;height:auto\" srcset=\"http:\/\/31.217.193.162\/~taivofi\/wp-content\/uploads\/2026\/05\/taivo_virtualtour2-1-1024x657.jpg 1024w, http:\/\/31.217.193.162\/~taivofi\/wp-content\/uploads\/2026\/05\/taivo_virtualtour2-1-300x193.jpg 300w, http:\/\/31.217.193.162\/~taivofi\/wp-content\/uploads\/2026\/05\/taivo_virtualtour2-1-768x493.jpg 768w, http:\/\/31.217.193.162\/~taivofi\/wp-content\/uploads\/2026\/05\/taivo_virtualtour2-1-1536x986.jpg 1536w, http:\/\/31.217.193.162\/~taivofi\/wp-content\/uploads\/2026\/05\/taivo_virtualtour2-1.jpg 1547w\" sizes=\"auto, (max-width: 1024px) 100vw, 1024px\" \/><\/figure>\n<\/div>\n\n\n<p>Tavoitteenamme on ottaa huomioon yleis\u00f6mme taso ja kiinnostuksen kohteet, tarjota viihdytt\u00e4v\u00e4 esitys, jossa tuodaan selv\u00e4ksi nykytietoutta meit\u00e4 ymp\u00e4r\u00f6iv\u00e4st\u00e4 maailmankaikkeudesta. T\u00e4rke\u00e4\u00e4 on my\u00f6s yleis\u00f6n kysymyksiin vastaileminen.<\/p>\n\n\n\n<p>Sek\u00e4 tiede ett\u00e4 mytologia tarjoavat kiehtovia asioita, mutta ne on hyv\u00e4 pit\u00e4\u00e4 erill\u00e4 toisistaan.<\/p>\n\n\n\n<p>Syksyll\u00e4 2024 ja kev\u00e4\u00e4ll\u00e4 2025 j\u00e4rjestimme Suomen Kulttuurirahaston tuella koulukiertueen Lapin kouluihin. <a href=\"http:\/\/31.217.193.162\/~taivofi\/fi\/koulut\/\" data-type=\"page\" data-id=\"944\">Voit lukea siit\u00e4 t\u00e4st\u00e4<\/a>.<\/p>\n","protected":false},"excerpt":{"rendered":"<p>Mik\u00e4 on siirrett\u00e4v\u00e4 planetaario? Planetaarion\u00e4yt\u00f6kset Y\u00f6taivas tarjoaa monenlaisia kohteita ja planetaario mahdollistaa niihin tutustumisen mukavammin ja rauhallisemmin kuin ulkosalla on mahdollista. Sen vuoksi planetaarion\u00e4yt\u00f6s sopii erityisesti pohjustukseksi ennen ulos havainnoimaan siirtymist\u00e4. Planetaario mahdollistaa helpon tavan oppia t\u00e4hdist\u00f6ist\u00e4, taivaan liikkeist\u00e4 sek\u00e4 siit\u00e4, miten t\u00e4htitaivas eroaa n\u00e4htyn\u00e4 eri paikoista maailmassa. T\u00e4htitaivaan kiinnostavimpien kohteiden l\u00f6yt\u00e4minen ja niist\u00e4 oppiminen [&hellip;]<\/p>\n","protected":false},"author":1,"featured_media":0,"parent":0,"menu_order":0,"comment_status":"closed","ping_status":"closed","template":"","meta":{"footnotes":""},"class_list":["post-216","page","type-page","status-publish","czr-hentry"],"_links":{"self":[{"href":"http:\/\/31.217.193.162\/~taivofi\/wp-json\/wp\/v2\/pages\/216","targetHints":{"allow":["GET"]}}],"collection":[{"href":"http:\/\/31.217.193.162\/~taivofi\/wp-json\/wp\/v2\/pages"}],"about":[{"href":"http:\/\/31.217.193.162\/~taivofi\/wp-json\/wp\/v2\/types\/page"}],"author":[{"embeddable":true,"href":"http:\/\/31.217.193.162\/~taivofi\/wp-json\/wp\/v2\/users\/1"}],"replies":[{"embeddable":true,"href":"http:\/\/31.217.193.162\/~taivofi\/wp-json\/wp\/v2\/comments?post=216"}],"version-history":[{"count":16,"href":"http:\/\/31.217.193.162\/~taivofi\/wp-json\/wp\/v2\/pages\/216\/revisions"}],"predecessor-version":[{"id":1410,"href":"http:\/\/31.217.193.162\/~taivofi\/wp-json\/wp\/v2\/pages\/216\/revisions\/1410"}],"wp:attachment":[{"href":"http:\/\/31.217.193.162\/~taivofi\/wp-json\/wp\/v2\/media?parent=216"}],"curies":[{"name":"wp","href":"https:\/\/api.w.org\/{rel}","templated":true}]}}