{"id":323,"date":"2021-05-13T13:16:20","date_gmt":"2021-05-13T11:16:20","guid":{"rendered":"http:\/\/31.217.193.162\/~taivofi\/?page_id=323"},"modified":"2026-05-11T14:05:49","modified_gmt":"2026-05-11T12:05:49","slug":"havainnointi","status":"publish","type":"page","link":"http:\/\/31.217.193.162\/~taivofi\/fi\/havainnointi\/","title":{"rendered":"Havainton\u00e4yt\u00f6kset"},"content":{"rendered":"\n<div class=\"wp-block-cover alignfull\" style=\"min-height:767px;aspect-ratio:unset;\"><img loading=\"lazy\" decoding=\"async\" width=\"1024\" height=\"683\" class=\"wp-block-cover__image-background wp-image-1337 size-large\" alt=\"\" src=\"http:\/\/31.217.193.162\/~taivofi\/wp-content\/uploads\/2026\/05\/IMG_7168-1-scaled-1024x683.jpg\" data-object-fit=\"cover\" srcset=\"http:\/\/31.217.193.162\/~taivofi\/wp-content\/uploads\/2026\/05\/IMG_7168-1-scaled-1024x683.jpg 1024w, http:\/\/31.217.193.162\/~taivofi\/wp-content\/uploads\/2026\/05\/IMG_7168-1-scaled-300x200.jpg 300w, http:\/\/31.217.193.162\/~taivofi\/wp-content\/uploads\/2026\/05\/IMG_7168-1-scaled-768x512.jpg 768w, http:\/\/31.217.193.162\/~taivofi\/wp-content\/uploads\/2026\/05\/IMG_7168-1-scaled-1536x1024.jpg 1536w, http:\/\/31.217.193.162\/~taivofi\/wp-content\/uploads\/2026\/05\/IMG_7168-1-scaled-2048x1366.jpg 2048w\" sizes=\"auto, (max-width: 1024px) 100vw, 1024px\" \/><span aria-hidden=\"true\" class=\"wp-block-cover__background has-background-dim-40 has-background-dim\" style=\"background-color:#000000\"><\/span><div class=\"wp-block-cover__inner-container is-layout-flow wp-block-cover-is-layout-flow\">\n<p><\/p>\n\n\n\n<p><\/p>\n\n\n\n<p><\/p>\n\n\n\n<p><\/p>\n\n\n\n<p><\/p>\n\n\n\n<h2 class=\"wp-block-heading has-text-align-center alignwide has-white-color has-text-color\" style=\"font-size:48px;line-height:1.2\">Havainton\u00e4yt\u00f6kset<br><\/h2>\n\n\n\n<div class=\"wp-block-columns alignwide is-layout-flex wp-container-core-columns-is-layout-9d6595d7 wp-block-columns-is-layout-flex\">\n<div class=\"wp-block-column is-layout-flow wp-block-column-is-layout-flow\" style=\"flex-basis:60%\">\n<p class=\"has-text-color\" style=\"color:#ffffff\"><\/p>\n\n\n\n<div class=\"wp-block-buttons is-layout-flex wp-block-buttons-is-layout-flex\"><\/div>\n<\/div>\n\n\n\n<div class=\"wp-block-column is-layout-flow wp-block-column-is-layout-flow\"><\/div>\n<\/div>\n<\/div><\/div>\n\n\n\n<div class=\"wp-block-columns is-layout-flex wp-container-core-columns-is-layout-9d6595d7 wp-block-columns-is-layout-flex\">\n<div class=\"wp-block-column is-layout-flow wp-block-column-is-layout-flow\"><\/div>\n<\/div>\n\n\n\n<div class=\"wp-block-media-text alignwide is-stacked-on-mobile is-vertically-aligned-top\" style=\"grid-template-columns:53% auto\"><figure class=\"wp-block-media-text__media\"><img loading=\"lazy\" decoding=\"async\" width=\"1024\" height=\"964\" src=\"http:\/\/31.217.193.162\/~taivofi\/wp-content\/uploads\/2026\/05\/IMG_8292e-1-1024x964.jpg\" alt=\"\" class=\"wp-image-1338 size-full\" srcset=\"http:\/\/31.217.193.162\/~taivofi\/wp-content\/uploads\/2026\/05\/IMG_8292e-1-1024x964.jpg 1024w, http:\/\/31.217.193.162\/~taivofi\/wp-content\/uploads\/2026\/05\/IMG_8292e-1-300x282.jpg 300w, http:\/\/31.217.193.162\/~taivofi\/wp-content\/uploads\/2026\/05\/IMG_8292e-1-768x723.jpg 768w, http:\/\/31.217.193.162\/~taivofi\/wp-content\/uploads\/2026\/05\/IMG_8292e-1-1536x1446.jpg 1536w, http:\/\/31.217.193.162\/~taivofi\/wp-content\/uploads\/2026\/05\/IMG_8292e-1.jpg 1600w\" sizes=\"auto, (max-width: 1024px) 100vw, 1024px\" \/><\/figure><div class=\"wp-block-media-text__content\">\n<p>Revontulten lis\u00e4ksi Lapin y\u00f6taivaalta l\u00f6ytyy paljon muutakin katsottavaa poissa valosaasteen keskelt\u00e4. T\u00e4ytyy vain tiet\u00e4\u00e4 mihin ja mill\u00e4 v\u00e4linein havaita.<\/p>\n\n\n\n<p>Tarjoamme opastusta erilaisiin y\u00f6taivaan kohteisiin l\u00e4htien Maan kiertoradalla olevista satelliiteista kaukausiin galakseihin asti. Kohteiden katselu omin silmin on aivan erilainen el\u00e4mys kuin kuvien kastominen.<\/p>\n\n\n\n<p>Vuosikymmenien kokemuksemme t\u00e4htiharrastuksen ja yleis\u00f6n\u00e4yt\u00e4nt\u00f6jen parissa mahdollistaa sopivan tasoisten n\u00e4yt\u00f6sten pit\u00e4misen erilaisille kohderyhmille, kurkistit sitten ensimm\u00e4ist\u00e4 kertaa kaukoputkeen tai olet jo kokenut t\u00e4htiharrasta.<\/p>\n\n\n\n<p>Tarjoamme my\u00f6s opastusta y\u00f6taivaan ilmi\u00f6iden ja revontulien valokuvaukseen.<\/p>\n<\/div><\/div>\n\n\n\n<div class=\"wp-block-media-text alignwide has-media-on-the-right is-stacked-on-mobile is-vertically-aligned-top\" style=\"grid-template-columns:auto 40%\"><div class=\"wp-block-media-text__content\">\n<p>Meille tiede on t\u00e4rkeint\u00e4 ja pystymme vastaamaan l\u00e4hes kaikkiin t\u00e4htitaivasta ja avaruutta yleisesti koskeviin kysymyksiin.<\/p>\n\n\n\n<p>T\u00e4htitaivaan mytologia ja tarusto on sekin kiehtova osa-alue, josta kerromme my\u00f6s mielell\u00e4mme.<\/p>\n\n\n\n<p>Suosittelemme tutustumista sis\u00e4tiloissa j\u00e4rjestett\u00e4v\u00e4\u00e4n ohjelmaamme ennen havaitsemista, sill\u00e4 se antaa parhaat ev\u00e4\u00e4t tutustua aiheeseen rauhallisemmassa ymp\u00e4rist\u00f6ss\u00e4. Tarjoamme toki my\u00f6s pelk\u00e4n havainton\u00e4yt\u00f6ksen ohjelmapalvelua, mik\u00e4li haluatte.<\/p>\n<\/div><figure class=\"wp-block-media-text__media\"><img loading=\"lazy\" decoding=\"async\" width=\"1024\" height=\"982\" src=\"http:\/\/31.217.193.162\/~taivofi\/wp-content\/uploads\/2026\/05\/IMG_3071aa-1-1024x982.jpg\" alt=\"\" class=\"wp-image-1331 size-full\" srcset=\"http:\/\/31.217.193.162\/~taivofi\/wp-content\/uploads\/2026\/05\/IMG_3071aa-1-1024x982.jpg 1024w, http:\/\/31.217.193.162\/~taivofi\/wp-content\/uploads\/2026\/05\/IMG_3071aa-1-300x288.jpg 300w, http:\/\/31.217.193.162\/~taivofi\/wp-content\/uploads\/2026\/05\/IMG_3071aa-1-768x736.jpg 768w, http:\/\/31.217.193.162\/~taivofi\/wp-content\/uploads\/2026\/05\/IMG_3071aa-1-1536x1473.jpg 1536w, http:\/\/31.217.193.162\/~taivofi\/wp-content\/uploads\/2026\/05\/IMG_3071aa-1-2048x1964.jpg 2048w\" sizes=\"auto, (max-width: 1024px) 100vw, 1024px\" \/><\/figure><\/div>\n","protected":false},"excerpt":{"rendered":"<p>Revontulten lis\u00e4ksi Lapin y\u00f6taivaalta l\u00f6ytyy paljon muutakin katsottavaa poissa valosaasteen keskelt\u00e4. T\u00e4ytyy vain tiet\u00e4\u00e4 mihin ja mill\u00e4 v\u00e4linein havaita. Tarjoamme opastusta erilaisiin y\u00f6taivaan kohteisiin l\u00e4htien Maan kiertoradalla olevista satelliiteista kaukausiin galakseihin asti. Kohteiden katselu omin silmin on aivan erilainen el\u00e4mys kuin kuvien kastominen. Vuosikymmenien kokemuksemme t\u00e4htiharrastuksen ja yleis\u00f6n\u00e4yt\u00e4nt\u00f6jen parissa mahdollistaa sopivan tasoisten n\u00e4yt\u00f6sten pit\u00e4misen erilaisille [&hellip;]<\/p>\n","protected":false},"author":1,"featured_media":0,"parent":0,"menu_order":0,"comment_status":"closed","ping_status":"closed","template":"","meta":{"footnotes":""},"class_list":["post-323","page","type-page","status-publish","czr-hentry"],"_links":{"self":[{"href":"http:\/\/31.217.193.162\/~taivofi\/wp-json\/wp\/v2\/pages\/323","targetHints":{"allow":["GET"]}}],"collection":[{"href":"http:\/\/31.217.193.162\/~taivofi\/wp-json\/wp\/v2\/pages"}],"about":[{"href":"http:\/\/31.217.193.162\/~taivofi\/wp-json\/wp\/v2\/types\/page"}],"author":[{"embeddable":true,"href":"http:\/\/31.217.193.162\/~taivofi\/wp-json\/wp\/v2\/users\/1"}],"replies":[{"embeddable":true,"href":"http:\/\/31.217.193.162\/~taivofi\/wp-json\/wp\/v2\/comments?post=323"}],"version-history":[{"count":12,"href":"http:\/\/31.217.193.162\/~taivofi\/wp-json\/wp\/v2\/pages\/323\/revisions"}],"predecessor-version":[{"id":1414,"href":"http:\/\/31.217.193.162\/~taivofi\/wp-json\/wp\/v2\/pages\/323\/revisions\/1414"}],"wp:attachment":[{"href":"http:\/\/31.217.193.162\/~taivofi\/wp-json\/wp\/v2\/media?parent=323"}],"curies":[{"name":"wp","href":"https:\/\/api.w.org\/{rel}","templated":true}]}}