{"id":333,"date":"2021-05-13T13:20:19","date_gmt":"2021-05-13T11:20:19","guid":{"rendered":"http:\/\/31.217.193.162\/~taivofi\/?page_id=333"},"modified":"2026-05-11T16:31:11","modified_gmt":"2026-05-11T14:31:11","slug":"luennot","status":"publish","type":"page","link":"http:\/\/31.217.193.162\/~taivofi\/fi\/luennot\/","title":{"rendered":"Luennot"},"content":{"rendered":"\n<p class=\"has-text-align-left\">Tarjoamme esityksi\u00e4 liittyen t\u00e4htitaivaaseen, havainnointiin, t\u00e4htitieteeseen ja avaruustekniikkaan. R\u00e4\u00e4t\u00e4l\u00f6imme esitykset kohdeyleis\u00f6n ja kiinnostusten mukaan.<\/p>\n\n\n\n<p class=\"has-text-align-left\">Pystymme my\u00f6s tarjoamaan digikuvauksen perusteita y\u00f6taivaan kuvauksesta kiinnostuneille.<\/p>\n\n\n\n<p class=\"has-text-align-left\">Avaruusaiheiden lis\u00e4ksi tarjoamme my\u00f6s luentoja ja opastusta Lapin er\u00e4maa-alueisiin sek\u00e4 vaeltamiseen liittyen. <\/p>\n\n\n\n<figure class=\"wp-block-image size-large\"><img loading=\"lazy\" decoding=\"async\" width=\"1024\" height=\"537\" src=\"http:\/\/31.217.193.162\/~taivofi\/wp-content\/uploads\/2026\/05\/IMG_5410s-1-1024x537.jpg\" alt=\"\" class=\"wp-image-1336\" srcset=\"http:\/\/31.217.193.162\/~taivofi\/wp-content\/uploads\/2026\/05\/IMG_5410s-1-1024x537.jpg 1024w, http:\/\/31.217.193.162\/~taivofi\/wp-content\/uploads\/2026\/05\/IMG_5410s-1-300x157.jpg 300w, http:\/\/31.217.193.162\/~taivofi\/wp-content\/uploads\/2026\/05\/IMG_5410s-1-768x403.jpg 768w, http:\/\/31.217.193.162\/~taivofi\/wp-content\/uploads\/2026\/05\/IMG_5410s-1-1536x806.jpg 1536w, http:\/\/31.217.193.162\/~taivofi\/wp-content\/uploads\/2026\/05\/IMG_5410s-1.jpg 2000w\" sizes=\"auto, (max-width: 1024px) 100vw, 1024px\" \/><\/figure>\n\n\n\n<p><\/p>\n","protected":false},"excerpt":{"rendered":"<p>Tarjoamme esityksi\u00e4 liittyen t\u00e4htitaivaaseen, havainnointiin, t\u00e4htitieteeseen ja avaruustekniikkaan. R\u00e4\u00e4t\u00e4l\u00f6imme esitykset kohdeyleis\u00f6n ja kiinnostusten mukaan. Pystymme my\u00f6s tarjoamaan digikuvauksen perusteita y\u00f6taivaan kuvauksesta kiinnostuneille. Avaruusaiheiden lis\u00e4ksi tarjoamme my\u00f6s luentoja ja opastusta Lapin er\u00e4maa-alueisiin sek\u00e4 vaeltamiseen liittyen.<\/p>\n","protected":false},"author":1,"featured_media":0,"parent":0,"menu_order":0,"comment_status":"closed","ping_status":"closed","template":"","meta":{"footnotes":""},"class_list":["post-333","page","type-page","status-publish","czr-hentry"],"_links":{"self":[{"href":"http:\/\/31.217.193.162\/~taivofi\/wp-json\/wp\/v2\/pages\/333","targetHints":{"allow":["GET"]}}],"collection":[{"href":"http:\/\/31.217.193.162\/~taivofi\/wp-json\/wp\/v2\/pages"}],"about":[{"href":"http:\/\/31.217.193.162\/~taivofi\/wp-json\/wp\/v2\/types\/page"}],"author":[{"embeddable":true,"href":"http:\/\/31.217.193.162\/~taivofi\/wp-json\/wp\/v2\/users\/1"}],"replies":[{"embeddable":true,"href":"http:\/\/31.217.193.162\/~taivofi\/wp-json\/wp\/v2\/comments?post=333"}],"version-history":[{"count":7,"href":"http:\/\/31.217.193.162\/~taivofi\/wp-json\/wp\/v2\/pages\/333\/revisions"}],"predecessor-version":[{"id":1441,"href":"http:\/\/31.217.193.162\/~taivofi\/wp-json\/wp\/v2\/pages\/333\/revisions\/1441"}],"wp:attachment":[{"href":"http:\/\/31.217.193.162\/~taivofi\/wp-json\/wp\/v2\/media?parent=333"}],"curies":[{"name":"wp","href":"https:\/\/api.w.org\/{rel}","templated":true}]}}