{"id":356,"date":"2021-05-13T15:06:18","date_gmt":"2021-05-13T13:06:18","guid":{"rendered":"http:\/\/31.217.193.162\/~taivofi\/?page_id=356"},"modified":"2026-05-11T14:07:52","modified_gmt":"2026-05-11T12:07:52","slug":"tietoa-meista","status":"publish","type":"page","link":"http:\/\/31.217.193.162\/~taivofi\/fi\/tietoa-meista\/","title":{"rendered":"Tietoa meist\u00e4"},"content":{"rendered":"\n<p><strong>Taivo Productions Oy<\/strong> on tiedeviestint\u00e4\u00e4n erikoistunut yritys, jonka kotipaikka on Ivalo. Toimimme koko Pohjois-Lapin alueella ja toisinaan teemme esityskiertueita my\u00f6s laajemmalla alueella. Yritys perustettiin vuonna 2020 ja se on ensimm\u00e4inen t\u00e4htitieteen aihepiirin ohjelmapalveluja tarjoava yritys Inarin kunnan alueella.<\/p>\n\n\n\n<p><strong><em>Taivo<\/em><\/strong> on vanhaa suomen kielt\u00e4 ja tarkoittaa taivasta. Sanaa k\u00e4ytet\u00e4\u00e4n paljon esimerkiksi Kalevalassa. <\/p>\n\n\n\n<div class=\"wp-block-columns is-layout-flex wp-container-core-columns-is-layout-9d6595d7 wp-block-columns-is-layout-flex\">\n<div class=\"wp-block-column is-layout-flow wp-block-column-is-layout-flow\">\n<figure class=\"wp-block-image size-large is-style-rounded\"><img loading=\"lazy\" decoding=\"async\" width=\"796\" height=\"1024\" src=\"http:\/\/31.217.193.162\/~taivofi\/wp-content\/uploads\/2026\/05\/mikko_2018-1-796x1024.jpg\" alt=\"\" class=\"wp-image-1347\" srcset=\"http:\/\/31.217.193.162\/~taivofi\/wp-content\/uploads\/2026\/05\/mikko_2018-1-796x1024.jpg 796w, http:\/\/31.217.193.162\/~taivofi\/wp-content\/uploads\/2026\/05\/mikko_2018-1-233x300.jpg 233w, http:\/\/31.217.193.162\/~taivofi\/wp-content\/uploads\/2026\/05\/mikko_2018-1-768x988.jpg 768w, http:\/\/31.217.193.162\/~taivofi\/wp-content\/uploads\/2026\/05\/mikko_2018-1.jpg 1166w\" sizes=\"auto, (max-width: 796px) 100vw, 796px\" \/><figcaption class=\"wp-element-caption\">Starliner-aluksen ohjaimissa.<\/figcaption><\/figure>\n\n\n\n<p><\/p>\n<\/div>\n\n\n\n<div class=\"wp-block-column is-layout-flow wp-block-column-is-layout-flow\">\n<p><strong>Mikko Suominen<\/strong> on tiedetoimittaja ja -viestij\u00e4 19 vuoden kokemuksella.<\/p>\n\n\n\n<p>Tiedetoimittajana h\u00e4n on erikoistunut avaruustekniikkaan, mutta kirjoittaa paljon my\u00f6s t\u00e4htitieteest\u00e4 ja taivaanilmi\u00f6ist\u00e4. H\u00e4n kirjoittaa vuosittain yli sata sivua T\u00e4hdet ja avaruus -lehteen, joka on pohjoismaiden suurin t\u00e4htitiedelehti ja satunnaisemmin muihin medioihin.<\/p>\n\n\n\n<p>Mikko on opiskellut teknillist\u00e4 fysiikkaa Tampereen teknillisess\u00e4 yliopistossa ja suorittanut aineenopettajan pedagogiset opinnot Tampereen yliopistossa. H\u00e4n on my\u00f6s k\u00e4ynyt Kansainv\u00e4lisen avaruusyliopiston SSP-kurssin vuonna 2003. Avaruustekniikan kurssia h\u00e4n luennoi TTY:ll\u00e4 nelj\u00e4n\u00e4 vuotena.<\/p>\n\n\n\n<p>Opiskeluaikanaan h\u00e4n otti osaa moniin Euroopan avaruusj\u00e4rjest\u00f6n projekteihin, kuten painottomuuslennolle, matkalle tutustumaan Ariane 5:n tekniikkaan ja laukaisuun Ranskan Guayanassa sek\u00e4 Rexus-luotausrakettikampanjaan.<\/p>\n\n\n\n<p>Vapaa-ajallaan Mikko on ollut aktiivinen monissa yhdistyksiss\u00e4 ja toiminut esimerkiksi Suomen tiedetoimittajain liiton, Ursan ja Suomen avaruustutkimusseuran hallituksissa. H\u00e4n on harrastanut t\u00e4htitiedett\u00e4 30 vuoden ajan.<\/p>\n\n\n\n<p>Ykk\u00f6sharrastus avaruusaiheiden ulkopuolella on ollut jo pitk\u00e4\u00e4n vaellus ja h\u00e4n on osallistunut ja vet\u00e4nyt vaelluksia Tunturiladun Kolbma-kerhossa. <\/p>\n\n\n\n<p><\/p>\n<\/div>\n<\/div>\n\n\n\n<div class=\"wp-block-media-text has-media-on-the-right is-stacked-on-mobile\"><div class=\"wp-block-media-text__content\">\n<p><strong>Xiaoyun Suominen<\/strong>&nbsp;toimii Mikon apuna niin planetaarioesityksiss\u00e4 kuin t\u00e4htin\u00e4yt\u00f6ksiss\u00e4. H\u00e4n on opiskellut konetekniikkaa Tampereen teknillisess\u00e4 yliopistossa.<\/p>\n\n\n\n<p>Xiaoyun on osallistunut my\u00f6s avaruustiedon koulukiertueisiin Lapin kouluissa Mikon kanssa ja esitellyt esimerkiksi satelliittien tekniikkaa koululaisille. T\u00e4htitiede kiehtoo h\u00e4nt\u00e4 ja h\u00e4n oppii aiheesta yh\u00e4 enemm\u00e4n.<\/p>\n\n\n\n<p>Xiaoyunin harrastuksiin kuuluvat esimerkiksi vaellus, hiihto, melonta ja monenlainen muu liikunta. H\u00e4n on hyvin innostunut luontoretkeilyst\u00e4.<\/p>\n<\/div><figure class=\"wp-block-media-text__media\"><img loading=\"lazy\" decoding=\"async\" width=\"1000\" height=\"667\" src=\"http:\/\/31.217.193.162\/~taivofi\/wp-content\/uploads\/2026\/05\/IMG_4052s.jpg\" alt=\"\" class=\"wp-image-1333 size-full\" srcset=\"http:\/\/31.217.193.162\/~taivofi\/wp-content\/uploads\/2026\/05\/IMG_4052s.jpg 1000w, http:\/\/31.217.193.162\/~taivofi\/wp-content\/uploads\/2026\/05\/IMG_4052s-300x200.jpg 300w, http:\/\/31.217.193.162\/~taivofi\/wp-content\/uploads\/2026\/05\/IMG_4052s-768x512.jpg 768w\" sizes=\"auto, (max-width: 1000px) 100vw, 1000px\" \/><\/figure><\/div>\n\n\n\n<div class=\"wp-block-columns is-layout-flex wp-container-core-columns-is-layout-9d6595d7 wp-block-columns-is-layout-flex\">\n<div class=\"wp-block-column is-vertically-aligned-center is-layout-flow wp-block-column-is-layout-flow\"><div class=\"wp-block-image\">\n<figure class=\"aligncenter size-full\"><img loading=\"lazy\" decoding=\"async\" width=\"1000\" height=\"696\" src=\"http:\/\/31.217.193.162\/~taivofi\/wp-content\/uploads\/2026\/05\/mikko_arkki-1 (2).jpg\" alt=\"\" class=\"wp-image-1348\" srcset=\"http:\/\/31.217.193.162\/~taivofi\/wp-content\/uploads\/2026\/05\/mikko_arkki-1%20(2).jpg 1000w, http:\/\/31.217.193.162\/~taivofi\/wp-content\/uploads\/2026\/05\/mikko_arkki-1%20(2)-300x209.jpg 300w, http:\/\/31.217.193.162\/~taivofi\/wp-content\/uploads\/2026\/05\/mikko_arkki-1%20(2)-768x535.jpg 768w\" sizes=\"auto, (max-width: 1000px) 100vw, 1000px\" \/><figcaption class=\"wp-element-caption\">Mikko ja Arkki vuonna 2017.<\/figcaption><\/figure>\n<\/div><\/div>\n\n\n\n<div class=\"wp-block-column is-layout-flow wp-block-column-is-layout-flow\">\n<p>Planetaarioty\u00f6skentelyss\u00e4 opettajamme ja mentorimme on <strong>Arvo &#8220;Arkki&#8221; Kuusela<\/strong>, joka kiersi siirrett\u00e4v\u00e4n planetaarionsa kanssa Suomen kouluissa yli 20 vuoden ajan opettaen avaruustietoa kaikenik\u00e4isille.<\/p>\n\n\n\n<p>Opetus planetaariossa vaatii paljon osaamista ja tietoutta, jotta kokemuksesta tulee niin miellytt\u00e4v\u00e4, opettava kuin my\u00f6s henkil\u00f6kohtainen, riippumatta laitteistosta.<\/p>\n\n\n\n<p>Nyky\u00e4\u00e4n &#8220;planetaario&#8221; k\u00e4sitteen\u00e4 on usein vain laajakulmaelokuvateatteri, jossa yleis\u00f6lle ei tarjota interaktiota eik\u00e4 mahdollisuuksia kysymysten esitt\u00e4miseen.<\/p>\n\n\n\n<p>Jatkamme Arkin ty\u00f6t\u00e4 planetaarioiden saralla pohjustaen h\u00e4nen kokemukseensa ja laajentamalla laajemmalle toiminta-alueelle.<\/p>\n<\/div>\n<\/div>\n\n\n\n<p>Yritystoiminnan lis\u00e4ksi Mikko ja Xiaoyun tekev\u00e4t my\u00f6s muita projekteja. Syksyll\u00e4 2024 ja kev\u00e4\u00e4ll\u00e4 2025 he kiersiv\u00e4t Lapin kouluissa Suomen Kulttuurirahaston Lapin rahaston apurahalla. Voit lukea lis\u00e4\u00e4 apurakiertueesta <a href=\"http:\/\/31.217.193.162\/~taivofi\/fi\/koulut\/\" data-type=\"page\" data-id=\"944\">t\u00e4st\u00e4<\/a>.<\/p>\n","protected":false},"excerpt":{"rendered":"<p>Taivo Productions Oy on tiedeviestint\u00e4\u00e4n erikoistunut yritys, jonka kotipaikka on Ivalo. Toimimme koko Pohjois-Lapin alueella ja toisinaan teemme esityskiertueita my\u00f6s laajemmalla alueella. Yritys perustettiin vuonna 2020 ja se on ensimm\u00e4inen t\u00e4htitieteen aihepiirin ohjelmapalveluja tarjoava yritys Inarin kunnan alueella. Taivo on vanhaa suomen kielt\u00e4 ja tarkoittaa taivasta. Sanaa k\u00e4ytet\u00e4\u00e4n paljon esimerkiksi Kalevalassa. Mikko Suominen on tiedetoimittaja [&hellip;]<\/p>\n","protected":false},"author":1,"featured_media":0,"parent":0,"menu_order":0,"comment_status":"closed","ping_status":"closed","template":"","meta":{"footnotes":""},"class_list":["post-356","page","type-page","status-publish","czr-hentry"],"_links":{"self":[{"href":"http:\/\/31.217.193.162\/~taivofi\/wp-json\/wp\/v2\/pages\/356","targetHints":{"allow":["GET"]}}],"collection":[{"href":"http:\/\/31.217.193.162\/~taivofi\/wp-json\/wp\/v2\/pages"}],"about":[{"href":"http:\/\/31.217.193.162\/~taivofi\/wp-json\/wp\/v2\/types\/page"}],"author":[{"embeddable":true,"href":"http:\/\/31.217.193.162\/~taivofi\/wp-json\/wp\/v2\/users\/1"}],"replies":[{"embeddable":true,"href":"http:\/\/31.217.193.162\/~taivofi\/wp-json\/wp\/v2\/comments?post=356"}],"version-history":[{"count":15,"href":"http:\/\/31.217.193.162\/~taivofi\/wp-json\/wp\/v2\/pages\/356\/revisions"}],"predecessor-version":[{"id":1417,"href":"http:\/\/31.217.193.162\/~taivofi\/wp-json\/wp\/v2\/pages\/356\/revisions\/1417"}],"wp:attachment":[{"href":"http:\/\/31.217.193.162\/~taivofi\/wp-json\/wp\/v2\/media?parent=356"}],"curies":[{"name":"wp","href":"https:\/\/api.w.org\/{rel}","templated":true}]}}